{"id":2915,"date":"2023-11-01T12:30:11","date_gmt":"2023-11-01T12:30:11","guid":{"rendered":"https:\/\/valenmarina.no\/cms\/?page_id=2915"},"modified":"2025-06-27T12:58:56","modified_gmt":"2025-06-27T12:58:56","slug":"apenhetsloven","status":"publish","type":"page","link":"https:\/\/valenmarina.no\/cms\/apenhetsloven\/","title":{"rendered":"\u00c5penhetsloven"},"content":{"rendered":"<div class=\"wpb-content-wrapper\"><p>[vc_row padding_top_multiplier=&raquo;3x&raquo; padding_bottom_multiplier=&raquo;3x&raquo; rc_heading_color=&raquo;primary-2&#8243; section_id=&raquo;hovedinnhold&raquo;][vc_column width=&raquo;1\/2&#8243;][vc_column_text text_style=&raquo;leader-text&raquo; animation=&raquo;fade-in&raquo; animation_delay=&raquo;400&#8243;]Loven skal fremme virksomheters respekt for grunnleggende menneskerettigheter og anstendige arbeidsforhold. Dette gjelder for egen virksomhet, leverand\u00f8rer og verdikjeden til leverand\u00f8rene.<\/p>\n<p>Den skal bidra til at vi som bedrift reduserer risikoen for at virksomheter for\u00e5rsaker eller medvirker til brudd p\u00e5 menneskerettigheter. Den bidrar ogs\u00e5 til at vi m\u00e5 gj\u00f8r v\u00e5rt for \u00e5 sikre anstendige arbeidsforhold i v\u00e5re egne selskapet og hos vare leverand\u00f8rer.[\/vc_column_text][\/vc_column][vc_column width=&raquo;1\/2&#8243;]<div data-animation=\"fade-in-left\" data-delay=\"200\" data-duration=\"normal\" class=\"grve-element grve-box-icon grve-small grve-side-icon grve-animated-item grve-align-left grve-vertical-align-middle grve-layout-1\" style=\"margin-bottom: 30px;\"><div class=\"grve-box-title-wrapper\"><div class=\"grve-wrapper-icon\" style=\"\"><span class=\"grve-box-icon far fa-arrow-alt-circle-right grve-text-primary-1\"><\/span><\/div><h5 class=\"grve-box-title grve-h5\">Utf\u00f8re aktsomhetsvurderinger<\/h5><\/div><div class=\"grve-box-content\"><p class=\"\">i samsvar med OECDs retningslinjer for flernasjonale selskaper.<\/p><\/div><\/div><div data-animation=\"fade-in-left\" data-delay=\"200\" data-duration=\"normal\" class=\"grve-element grve-box-icon grve-small grve-side-icon grve-animated-item grve-align-left grve-vertical-align-middle grve-layout-1\" style=\"margin-bottom: 30px;\"><div class=\"grve-box-title-wrapper\"><div class=\"grve-wrapper-icon\" style=\"\"><span class=\"grve-box-icon far fa-arrow-alt-circle-right grve-text-primary-1\"><\/span><\/div><h5 class=\"grve-box-title grve-h5\">Redegj\u00f8re for v\u00e5rt arbeid med aktsomhetsvurderinger<\/h5><\/div><div class=\"grve-box-content\"><p class=\"\">Knyttet til menneskerettigheter og anstendige arbeidsforhold<\/p><\/div><\/div><div data-animation=\"fade-in-left\" data-delay=\"200\" data-duration=\"normal\" class=\"grve-element grve-box-icon grve-small grve-side-icon grve-animated-item grve-align-left grve-vertical-align-middle grve-layout-1\" style=\"margin-bottom: 30px;\"><div class=\"grve-box-title-wrapper\"><div class=\"grve-wrapper-icon\" style=\"\"><span class=\"grve-box-icon far fa-arrow-alt-circle-right grve-text-primary-1\"><\/span><\/div><h5 class=\"grve-box-title grve-h5\">Svare p\u00e5 informasjonsforesp\u00f8rsler fra allmennheten<\/h5><\/div><div class=\"grve-box-content\"><p class=\"\">i samsvar med OECDs retningslinjer for flernasjonale selskaper.<\/p><\/div><\/div>[\/vc_column][\/vc_row][vc_row height_ratio=&raquo;50&#8243; padding_top_multiplier=&raquo;3x&raquo; padding_bottom_multiplier=&raquo;3x&raquo; rc_heading_color=&raquo;primary-4&#8243; rc_bg_type=&raquo;image&raquo; rc_bg_image=&raquo;2816&#8243; rc_bg_image_type=&raquo;fixed&raquo; rc_bg_color_overlay=&raquo;primary-2&#8243; rc_bg_opacity_overlay=&raquo;60&#8243; columns_gap=&raquo;30&#8243;][vc_column][vc_row_inner][vc_column_inner width=&raquo;2\/3&#8243; rc_heading_color=&raquo;white&raquo; rc_font_color=&raquo;#ffffff&raquo;]<h1 data-animation=\"fade-in\" data-delay=\"600\" data-duration=\"normal\" class=\"grve-element grve-title grve-align-left grve-animated-item grve-h2\" style=\"margin-bottom: 30px;\"><span>Aksomhetsvurdering 2024<\/span><\/h1>[vc_column_text text_style=&raquo;leader-text&raquo; animation=&raquo;fade-in&raquo; animation_delay=&raquo;800&#8243;]Valen Marina AS er et selskap som er organisert under Tertnes Holding AS og Vestlandsentrepren\u00f8ren AS<br \/>\nValen Marina sin aktsomhetsvurdering er forankret i Tertnes Holding AS sin<a href=\"http:\/\/tertnes-holding.no\/omoss\/\"> redegj\u00f8relse<\/a>. Dette gjelder ogs\u00e5 selskapets Etiske retningslinjer. Milj\u00f8 og antikorrupsjon er ogs\u00e5 en del av v\u00e5r aktsomhetsvurdering.[\/vc_column_text][\/vc_column_inner][vc_column_inner width=&raquo;1\/3&#8243;][\/vc_column_inner][\/vc_row_inner][\/vc_column][\/vc_row][vc_row padding_top_multiplier=&raquo;3x&raquo;][vc_column]<h1 data-animation=\"clipping-left\" data-delay=\"200\" data-duration=\"normal\" class=\"grve-element grve-title grve-align-left grve-clipping-animation grve-advanced-animation grve-animated-item grve-h2\"><span>Redegj\u00f8relse for Valen Marina AS<\/span><\/h1><h1 data-animation=\"clipping-left\" data-delay=\"200\" data-duration=\"normal\" class=\"grve-element grve-title grve-align-left grve-clipping-animation grve-advanced-animation grve-animated-item grve-h6\"><span>For perioden : 01.01.2024 &#8211; 31.12.2024.<\/span><\/h1>[\/vc_column][\/vc_row][vc_row][vc_column width=&raquo;1\/2&#8243;][vc_column_text animation=&raquo;fade-in&raquo;]Valen Marina AS er en sj\u00f8entrepren\u00f8r som har sitt virke innenfor dykke- og ROV tjenester.<br \/>\nForretningsomr\u00e5der er: Anlegg &#8211; VA\/ Sj\u00f8ledninger &#8211; Marina\/ forankring, service og vedlikehold &#8211; Havbruk &#8211; Skip\/ rigg.<br \/>\nSelskapet har hadde 25 ansatte pr 31.12.24.[\/vc_column_text]<div class=\"grve-empty-space grve-height-1x\"><\/div>[vc_column_text animation=&raquo;fade-in&raquo;]I forbindelse med valg av produkter og innkj\u00f8p av tjenester fra andre eksterne leverand\u00f8rer, har Valen Marina stort fokus p\u00e5 at disse skal ivareta krav i tr\u00e5d med \u00c5penhetsloven.<\/p>\n<p>&#8211; Kartlegging (leverand\u00f8revaluering) av eksterne leverand\u00f8rer i forkant av at vi inng\u00e5r samarbeid eller avtaler med disse<br \/>\n&#8211; Evaluering av leverand\u00f8renes praksis og retningslinjer knyttet til menneskerettigheter og arbeidsforhold.[\/vc_column_text][\/vc_column][vc_column width=&raquo;1\/2&#8243;][vc_column_text animation=&raquo;fade-in&raquo;]I 2024 har vi hatt st\u00f8rst fokus p\u00e5 f\u00f8lgende fem leverand\u00f8rer (anonymisert):[\/vc_column_text]<div class=\"grve-empty-space grve-height-1x\"><\/div>[vc_column_text animation=&raquo;fade-in&raquo;]Leverand\u00f8r av utleie &#8211; maskiner og utstyr<br \/>\nLeverand\u00f8r av diesel\/drivstoff til v\u00e5re b\u00e5ter<br \/>\nLeverand\u00f8r h\u00e5ndverkt\u00f8y<br \/>\nLeverand\u00f8r av utstyr, service og reparasjon av dykkerutstyr<br \/>\nLeverand\u00f8r av verkstedtjenester for v\u00e5re b\u00e5ter[\/vc_column_text][\/vc_column][\/vc_row][vc_row][vc_column width=&raquo;1\/2&#8243;]<div data-animation=\"fade-in\" data-delay=\"600\" data-duration=\"normal\" class=\"grve-element grve-align-inherit grve-animated-item grve-fullwidth-button\"><a href=\"https:\/\/valenmarina.no\/cms\/wp-content\/uploads\/2024\/07\/Aktsomhetserklaering-Valen-Marina.2023.pdf\" class=\"grve-btn grve-square grve-bg-primary-1 grve-border-primary-1 grve-bg-hover-primary-2 grve-border-hover-primary-2 grve-pulse grve-text-white grve-text-hover-white grve-btn-extralarge knapp grve-fullwidth-btn grve-fluid-btn-short grve-with-icon\">\r\n\t\t<div class=\"grve-btn-inner\">\r\n\t\t<span>Last ned redgj\u00f8relse 2023<\/span>\r\n\t\t<span class=\"screen-reader-text\">Last ned full redegj\u00f8relse<\/span>\r\n\t\t\t\t\t\t\t<div class=\"grve-btn-icon\">\r\n\t\t\t<span class=\"grve-icon fas fa-download\"><\/span>\r\n\t\t<\/div>\r\n\t\t\t\t\t<\/div>\r\n\t<\/a><\/div>[\/vc_column][vc_column width=&raquo;1\/2&#8243;]<div data-animation=\"fade-in\" data-delay=\"600\" data-duration=\"normal\" class=\"grve-element grve-align-inherit grve-animated-item grve-fullwidth-button\"><a href=\"https:\/\/valenmarina.no\/cms\/wp-content\/uploads\/2025\/06\/20250619123646841.pdf\" class=\"grve-btn grve-square grve-bg-primary-1 grve-border-primary-1 grve-bg-hover-primary-2 grve-border-hover-primary-2 grve-pulse grve-text-white grve-text-hover-white grve-btn-extralarge knapp grve-fullwidth-btn grve-fluid-btn-short grve-with-icon\">\r\n\t\t<div class=\"grve-btn-inner\">\r\n\t\t<span>Last ned redgj\u00f8relse 2024<\/span>\r\n\t\t<span class=\"screen-reader-text\">Last ned full redegj\u00f8relse<\/span>\r\n\t\t\t\t\t\t\t<div class=\"grve-btn-icon\">\r\n\t\t\t<span class=\"grve-icon fas fa-download\"><\/span>\r\n\t\t<\/div>\r\n\t\t\t\t\t<\/div>\r\n\t<\/a><\/div>[\/vc_column][\/vc_row]<\/p>\n<\/div>","protected":false},"excerpt":{"rendered":"<p>[vc_row padding_top_multiplier=&raquo;3x&raquo; padding_bottom_multiplier=&raquo;3x&raquo; rc_heading_color=&raquo;primary-2&#8243; section_id=&raquo;hovedinnhold&raquo;][vc_column width=&raquo;1\/2&#8243;][vc_column_text text_style=&raquo;leader-text&raquo; animation=&raquo;fade-in&raquo; animation_delay=&raquo;400&#8243;]Loven skal fremme virksomheters respekt for grunnleggende menneskerettigheter og anstendige arbeidsforhold. Dette gjelder for egen virksomhet, leverand\u00f8rer og verdikjeden til leverand\u00f8rene. Den skal bidra til at vi som bedrift reduserer risikoen for at virksomheter for\u00e5rsaker eller medvirker til brudd p\u00e5 menneskerettigheter. Den bidrar ogs\u00e5 til at vi [&hellip;]<\/p>\n","protected":false},"author":4,"featured_media":0,"parent":0,"menu_order":0,"comment_status":"closed","ping_status":"closed","template":"","meta":{"_acf_changed":false,"inline_featured_image":false,"footnotes":""},"class_list":["post-2915","page","type-page","status-publish","hentry","grve-entry-item"],"acf":[],"_links":{"self":[{"href":"https:\/\/valenmarina.no\/cms\/wp-json\/wp\/v2\/pages\/2915","targetHints":{"allow":["GET"]}}],"collection":[{"href":"https:\/\/valenmarina.no\/cms\/wp-json\/wp\/v2\/pages"}],"about":[{"href":"https:\/\/valenmarina.no\/cms\/wp-json\/wp\/v2\/types\/page"}],"author":[{"embeddable":true,"href":"https:\/\/valenmarina.no\/cms\/wp-json\/wp\/v2\/users\/4"}],"replies":[{"embeddable":true,"href":"https:\/\/valenmarina.no\/cms\/wp-json\/wp\/v2\/comments?post=2915"}],"version-history":[{"count":34,"href":"https:\/\/valenmarina.no\/cms\/wp-json\/wp\/v2\/pages\/2915\/revisions"}],"predecessor-version":[{"id":3151,"href":"https:\/\/valenmarina.no\/cms\/wp-json\/wp\/v2\/pages\/2915\/revisions\/3151"}],"wp:attachment":[{"href":"https:\/\/valenmarina.no\/cms\/wp-json\/wp\/v2\/media?parent=2915"}],"curies":[{"name":"wp","href":"https:\/\/api.w.org\/{rel}","templated":true}]}}